{"id":43,"date":"2024-09-26T18:14:03","date_gmt":"2024-09-27T01:14:03","guid":{"rendered":"https:\/\/centrecatherine.ca\/index.php\/home\/"},"modified":"2025-03-27T11:23:10","modified_gmt":"2025-03-27T18:23:10","slug":"home","status":"publish","type":"page","link":"https:\/\/centrecatherine.ca\/en\/","title":{"rendered":"Home"},"content":{"rendered":"\n\n\t<h2>Welcome to the<br \/>\nCatherine-de-Saint-Augustin Center<\/h2>\n<p>This place is dedicated to <strong>Blessed Marie-Catherine of Saint-Augustin<\/strong>. She was the 10th Augustine to come from France. Arriving in Canada in 1648, her name is forever etched in the history of our country.  <\/p>\n<p>Visit this Centre located within Le Monast\u00e8re des Augustines. Walk in the footsteps of this hospitable soul who brings beauty within. Discover the close connection between the H\u00f4tel-Dieu de Qu\u00e9bec hospital and the ancient cloister. Wander to the historic church, where you can reflect before the reliquary of <strong>Blessed Marie-Catherine of Saint-Augustin<\/strong>. Pay tribute to this heroic co-founder of the Canadian Church.    <\/p>\n\t\t\t<a href=\"https:\/\/centrecatherine.ca\/en\/the-catherine-de-saint-augustincenter\/\" target=\"_self\">\n\t\t\t\t\t\t\tRead more\n\t\t\t\t\t<\/a>\n\t<h2>News and events<\/h2>\n\t\t\t<a href=\"https:\/\/centrecatherine.ca\/en\/news\/\" target=\"_self\">\n\t\t\t\t\t\t\tRead more\n\t\t\t\t\t<\/a>\n\t\t\t\t<a href=\"https:\/\/centrecatherine.ca\/horaire-de-la-messe\/\"  target=\"_self\" itemprop=\"url\">\n\t\t\t\t<img loading=\"lazy\" decoding=\"async\" src=\"https:\/\/centrecatherine.ca\/wp-content\/uploads\/2024\/11\/prier.png\" alt=\"Prier au Monast\u00e8re des Augustine\" itemprop=\"image\" height=\"500\" width=\"500\" title=\"prier\" onerror=\"this.style.display='none'\"  \/>\n\t\t\t\t<\/a>\n\t\t\t<a href=\"https:\/\/centrecatherine.ca\/en\/pray\/\" target=\"_self\">\n\t\t\t\t\t\t\tPray\n\t\t\t\t\t<\/a>\n\t\t\t\t<img loading=\"lazy\" decoding=\"async\" src=\"https:\/\/centrecatherine.ca\/wp-content\/uploads\/2024\/11\/donner.png\" alt=\"Donner - g\u00e9n\u00e9rosit\u00e9 et foi\" itemprop=\"image\" height=\"500\" width=\"500\" title=\"donner\" onerror=\"this.style.display='none'\"  \/>\n\t\t\t<a href=\"https:\/\/centrecatherine.ca\/en\/donate\/\" target=\"_self\">\n\t\t\t\t\t\t\tDonate\n\t\t\t\t\t<\/a>\n\t\t\t\t<img loading=\"lazy\" decoding=\"async\" src=\"https:\/\/centrecatherine.ca\/wp-content\/uploads\/2024\/11\/demander.png\" alt=\"Demander - dons \u00e0 la communaut\u00e9\" itemprop=\"image\" height=\"500\" width=\"500\" title=\"demander\" onerror=\"this.style.display='none'\"  \/>\n\t\t\t<a href=\"https:\/\/centrecatherine.ca\/en\/ask\/\" target=\"_self\">\n\t\t\t\t\t\t\tAsk\n\t\t\t\t\t<\/a>\n\n","protected":false},"excerpt":{"rendered":"<p>Welcome to the Catherine-de-Saint-Augustin Center This place is dedicated to Blessed Marie-Catherine of Saint-Augustin. She was the 10th Augustine to come from France. Arriving in Canada in 1648, her name is forever etched in the history of our country. Visit this Centre located within Le Monast\u00e8re des Augustines. Walk in the footsteps of this hospitable&hellip;<\/p>\n","protected":false},"author":1,"featured_media":25,"parent":0,"menu_order":0,"comment_status":"closed","ping_status":"closed","template":"","meta":{"footnotes":""},"class_list":["post-43","page","type-page","status-publish","has-post-thumbnail","hentry"],"yoast_head":"<!-- This site is optimized with the Yoast SEO plugin v27.4 - https:\/\/yoast.com\/product\/yoast-seo-wordpress\/ -->\n<title>Home - Centre Catherine-de-Saint-Augustin<\/title>\n<meta name=\"robots\" content=\"index, follow, max-snippet:-1, max-image-preview:large, max-video-preview:-1\" \/>\n<link rel=\"canonical\" href=\"https:\/\/centrecatherine.ca\/en\/\" \/>\n<meta property=\"og:locale\" content=\"en_US\" \/>\n<meta property=\"og:type\" content=\"article\" \/>\n<meta property=\"og:title\" content=\"Home - Centre Catherine-de-Saint-Augustin\" \/>\n<meta property=\"og:description\" content=\"Welcome to the Catherine-de-Saint-Augustin Center This place is dedicated to Blessed Marie-Catherine of Saint-Augustin. She was the 10th Augustine to come from France. Arriving in Canada in 1648, her name is forever etched in the history of our country. Visit this Centre located within Le Monast\u00e8re des Augustines. Walk in the footsteps of this hospitable&hellip;\" \/>\n<meta property=\"og:url\" content=\"https:\/\/centrecatherine.ca\/en\/\" \/>\n<meta property=\"og:site_name\" content=\"Centre Catherine-de-Saint-Augustin\" \/>\n<meta property=\"article:modified_time\" content=\"2025-03-27T18:23:10+00:00\" \/>\n<meta property=\"og:image\" content=\"https:\/\/centrecatherine.ca\/wp-content\/uploads\/2024\/09\/centre-catherine-de-saint-augustin.png\" \/>\n\t<meta property=\"og:image:width\" content=\"300\" \/>\n\t<meta property=\"og:image:height\" content=\"300\" \/>\n\t<meta property=\"og:image:type\" content=\"image\/png\" \/>\n<meta name=\"twitter:card\" content=\"summary_large_image\" \/>\n<meta name=\"twitter:label1\" content=\"Est. reading time\" \/>\n\t<meta name=\"twitter:data1\" content=\"1 minute\" \/>\n<script type=\"application\/ld+json\" class=\"yoast-schema-graph\">{\"@context\":\"https:\\\/\\\/schema.org\",\"@graph\":[{\"@type\":\"WebPage\",\"@id\":\"https:\\\/\\\/centrecatherine.ca\\\/en\\\/\",\"url\":\"https:\\\/\\\/centrecatherine.ca\\\/en\\\/\",\"name\":\"Home - Centre Catherine-de-Saint-Augustin\",\"isPartOf\":{\"@id\":\"https:\\\/\\\/centrecatherine.ca\\\/en\\\/#website\"},\"primaryImageOfPage\":{\"@id\":\"https:\\\/\\\/centrecatherine.ca\\\/en\\\/#primaryimage\"},\"image\":{\"@id\":\"https:\\\/\\\/centrecatherine.ca\\\/en\\\/#primaryimage\"},\"thumbnailUrl\":\"https:\\\/\\\/centrecatherine.ca\\\/wp-content\\\/uploads\\\/2024\\\/09\\\/centre-catherine-de-saint-augustin.png\",\"datePublished\":\"2024-09-27T01:14:03+00:00\",\"dateModified\":\"2025-03-27T18:23:10+00:00\",\"breadcrumb\":{\"@id\":\"https:\\\/\\\/centrecatherine.ca\\\/en\\\/#breadcrumb\"},\"inLanguage\":\"en-US\",\"potentialAction\":[{\"@type\":\"ReadAction\",\"target\":[\"https:\\\/\\\/centrecatherine.ca\\\/en\\\/\"]}]},{\"@type\":\"ImageObject\",\"inLanguage\":\"en-US\",\"@id\":\"https:\\\/\\\/centrecatherine.ca\\\/en\\\/#primaryimage\",\"url\":\"https:\\\/\\\/centrecatherine.ca\\\/wp-content\\\/uploads\\\/2024\\\/09\\\/centre-catherine-de-saint-augustin.png\",\"contentUrl\":\"https:\\\/\\\/centrecatherine.ca\\\/wp-content\\\/uploads\\\/2024\\\/09\\\/centre-catherine-de-saint-augustin.png\",\"width\":300,\"height\":300,\"caption\":\"Centre Catherine de Saint-Augustin\"},{\"@type\":\"BreadcrumbList\",\"@id\":\"https:\\\/\\\/centrecatherine.ca\\\/en\\\/#breadcrumb\",\"itemListElement\":[{\"@type\":\"ListItem\",\"position\":1,\"name\":\"Accueil\",\"item\":\"https:\\\/\\\/centrecatherine.ca\\\/en\\\/\"},{\"@type\":\"ListItem\",\"position\":2,\"name\":\"Home\"}]},{\"@type\":\"WebSite\",\"@id\":\"https:\\\/\\\/centrecatherine.ca\\\/en\\\/#website\",\"url\":\"https:\\\/\\\/centrecatherine.ca\\\/en\\\/\",\"name\":\"Centre Catherine-de-Saint-Augustin\",\"description\":\"Centre Catherine-de-Saint-Augustin\",\"publisher\":{\"@id\":\"https:\\\/\\\/centrecatherine.ca\\\/en\\\/#organization\"},\"alternateName\":\"Centre Catherine\",\"potentialAction\":[{\"@type\":\"SearchAction\",\"target\":{\"@type\":\"EntryPoint\",\"urlTemplate\":\"https:\\\/\\\/centrecatherine.ca\\\/en\\\/?s={search_term_string}\"},\"query-input\":{\"@type\":\"PropertyValueSpecification\",\"valueRequired\":true,\"valueName\":\"search_term_string\"}}],\"inLanguage\":\"en-US\"},{\"@type\":\"Organization\",\"@id\":\"https:\\\/\\\/centrecatherine.ca\\\/en\\\/#organization\",\"name\":\"Centre Catherine-de-Saint-Augustin\",\"alternateName\":\"Centre Catherine-de-Saint-Augustin\",\"url\":\"https:\\\/\\\/centrecatherine.ca\\\/en\\\/\",\"logo\":{\"@type\":\"ImageObject\",\"inLanguage\":\"en-US\",\"@id\":\"https:\\\/\\\/centrecatherine.ca\\\/en\\\/#\\\/schema\\\/logo\\\/image\\\/\",\"url\":\"https:\\\/\\\/centrecatherine.ca\\\/wp-content\\\/uploads\\\/2024\\\/09\\\/centre-catherine-de-saint-augustin.png\",\"contentUrl\":\"https:\\\/\\\/centrecatherine.ca\\\/wp-content\\\/uploads\\\/2024\\\/09\\\/centre-catherine-de-saint-augustin.png\",\"width\":300,\"height\":300,\"caption\":\"Centre Catherine-de-Saint-Augustin\"},\"image\":{\"@id\":\"https:\\\/\\\/centrecatherine.ca\\\/en\\\/#\\\/schema\\\/logo\\\/image\\\/\"}}]}<\/script>\n<!-- \/ Yoast SEO plugin. -->","yoast_head_json":{"title":"Home - Centre Catherine-de-Saint-Augustin","robots":{"index":"index","follow":"follow","max-snippet":"max-snippet:-1","max-image-preview":"max-image-preview:large","max-video-preview":"max-video-preview:-1"},"canonical":"https:\/\/centrecatherine.ca\/en\/","og_locale":"en_US","og_type":"article","og_title":"Home - Centre Catherine-de-Saint-Augustin","og_description":"Welcome to the Catherine-de-Saint-Augustin Center This place is dedicated to Blessed Marie-Catherine of Saint-Augustin. She was the 10th Augustine to come from France. Arriving in Canada in 1648, her name is forever etched in the history of our country. Visit this Centre located within Le Monast\u00e8re des Augustines. Walk in the footsteps of this hospitable&hellip;","og_url":"https:\/\/centrecatherine.ca\/en\/","og_site_name":"Centre Catherine-de-Saint-Augustin","article_modified_time":"2025-03-27T18:23:10+00:00","og_image":[{"width":300,"height":300,"url":"https:\/\/centrecatherine.ca\/wp-content\/uploads\/2024\/09\/centre-catherine-de-saint-augustin.png","type":"image\/png"}],"twitter_card":"summary_large_image","twitter_misc":{"Est. reading time":"1 minute"},"schema":{"@context":"https:\/\/schema.org","@graph":[{"@type":"WebPage","@id":"https:\/\/centrecatherine.ca\/en\/","url":"https:\/\/centrecatherine.ca\/en\/","name":"Home - Centre Catherine-de-Saint-Augustin","isPartOf":{"@id":"https:\/\/centrecatherine.ca\/en\/#website"},"primaryImageOfPage":{"@id":"https:\/\/centrecatherine.ca\/en\/#primaryimage"},"image":{"@id":"https:\/\/centrecatherine.ca\/en\/#primaryimage"},"thumbnailUrl":"https:\/\/centrecatherine.ca\/wp-content\/uploads\/2024\/09\/centre-catherine-de-saint-augustin.png","datePublished":"2024-09-27T01:14:03+00:00","dateModified":"2025-03-27T18:23:10+00:00","breadcrumb":{"@id":"https:\/\/centrecatherine.ca\/en\/#breadcrumb"},"inLanguage":"en-US","potentialAction":[{"@type":"ReadAction","target":["https:\/\/centrecatherine.ca\/en\/"]}]},{"@type":"ImageObject","inLanguage":"en-US","@id":"https:\/\/centrecatherine.ca\/en\/#primaryimage","url":"https:\/\/centrecatherine.ca\/wp-content\/uploads\/2024\/09\/centre-catherine-de-saint-augustin.png","contentUrl":"https:\/\/centrecatherine.ca\/wp-content\/uploads\/2024\/09\/centre-catherine-de-saint-augustin.png","width":300,"height":300,"caption":"Centre Catherine de Saint-Augustin"},{"@type":"BreadcrumbList","@id":"https:\/\/centrecatherine.ca\/en\/#breadcrumb","itemListElement":[{"@type":"ListItem","position":1,"name":"Accueil","item":"https:\/\/centrecatherine.ca\/en\/"},{"@type":"ListItem","position":2,"name":"Home"}]},{"@type":"WebSite","@id":"https:\/\/centrecatherine.ca\/en\/#website","url":"https:\/\/centrecatherine.ca\/en\/","name":"Centre Catherine-de-Saint-Augustin","description":"Centre Catherine-de-Saint-Augustin","publisher":{"@id":"https:\/\/centrecatherine.ca\/en\/#organization"},"alternateName":"Centre Catherine","potentialAction":[{"@type":"SearchAction","target":{"@type":"EntryPoint","urlTemplate":"https:\/\/centrecatherine.ca\/en\/?s={search_term_string}"},"query-input":{"@type":"PropertyValueSpecification","valueRequired":true,"valueName":"search_term_string"}}],"inLanguage":"en-US"},{"@type":"Organization","@id":"https:\/\/centrecatherine.ca\/en\/#organization","name":"Centre Catherine-de-Saint-Augustin","alternateName":"Centre Catherine-de-Saint-Augustin","url":"https:\/\/centrecatherine.ca\/en\/","logo":{"@type":"ImageObject","inLanguage":"en-US","@id":"https:\/\/centrecatherine.ca\/en\/#\/schema\/logo\/image\/","url":"https:\/\/centrecatherine.ca\/wp-content\/uploads\/2024\/09\/centre-catherine-de-saint-augustin.png","contentUrl":"https:\/\/centrecatherine.ca\/wp-content\/uploads\/2024\/09\/centre-catherine-de-saint-augustin.png","width":300,"height":300,"caption":"Centre Catherine-de-Saint-Augustin"},"image":{"@id":"https:\/\/centrecatherine.ca\/en\/#\/schema\/logo\/image\/"}}]}},"_links":{"self":[{"href":"https:\/\/centrecatherine.ca\/en\/wp-json\/wp\/v2\/pages\/43","targetHints":{"allow":["GET"]}}],"collection":[{"href":"https:\/\/centrecatherine.ca\/en\/wp-json\/wp\/v2\/pages"}],"about":[{"href":"https:\/\/centrecatherine.ca\/en\/wp-json\/wp\/v2\/types\/page"}],"author":[{"embeddable":true,"href":"https:\/\/centrecatherine.ca\/en\/wp-json\/wp\/v2\/users\/1"}],"replies":[{"embeddable":true,"href":"https:\/\/centrecatherine.ca\/en\/wp-json\/wp\/v2\/comments?post=43"}],"version-history":[{"count":3,"href":"https:\/\/centrecatherine.ca\/en\/wp-json\/wp\/v2\/pages\/43\/revisions"}],"predecessor-version":[{"id":3671,"href":"https:\/\/centrecatherine.ca\/en\/wp-json\/wp\/v2\/pages\/43\/revisions\/3671"}],"wp:featuredmedia":[{"embeddable":true,"href":"https:\/\/centrecatherine.ca\/en\/wp-json\/wp\/v2\/media\/25"}],"wp:attachment":[{"href":"https:\/\/centrecatherine.ca\/en\/wp-json\/wp\/v2\/media?parent=43"}],"curies":[{"name":"wp","href":"https:\/\/api.w.org\/{rel}","templated":true}]}}