{"id":3492,"date":"2024-12-02T13:09:56","date_gmt":"2024-12-02T21:09:56","guid":{"rendered":"https:\/\/centrecatherine.ca\/pray\/iakonikonriiostha\/"},"modified":"2025-03-25T09:40:29","modified_gmt":"2025-03-25T16:40:29","slug":"iakonikonriiostha","status":"publish","type":"page","link":"https:\/\/centrecatherine.ca\/en\/pray\/iakonikonriiostha\/","title":{"rendered":"IAKONIKONRIIOSTHA"},"content":{"rendered":"\n\n\t<h1>On the Footsteps<br \/>\nof Iakonikonriistoha<\/h1>\n\t<h2>She who beautifies the soul and makes the hearth warmer<\/h2>\n<p>Upon her arrival in<em> K\u00e9bec<\/em>, Canada, in 1648, Sister Marie-Catherine of Saint-Augustin deeply committed herself to the First Nations, learning their languages and discovering their cultures with respect and compassion. Her dedication to evangelization and her desire to aid the poor and the sick led her to immerse herself fully in a new culture. <\/p>\n<p>Early on, her rich personality and the depth of her spiritual life became apparent. She was affectionately called &#8220;the daughter of daughters,&#8221; &#8220;the most extraordinary of daughters,&#8221; and was given the name <em>IAKONIKONRIIOSTHA<\/em>, meaning &#8220;She who beautifies the soul and makes the heart warmer.&#8221;  <\/p>\n\t\t\t\tA tale of <br \/>Iakonikonriiostha\n\t\t\t\tMarie-Catherine de Saint-Augustin :<br \/>Iakonikonriiostha\n\t\t\t\t\t\t\tA tale of <br \/>Iakonikonriiostha\n\t\t\t\t<p>A young girl lived in a village with her older brother and their mother. In the same village, vicious dogs roamed, frightening everyone, both children and adults. Unexpectedly, they would emerge from their lair and attack the villagers. They barked so loudly that it terrified everyone. Sometimes, they chased people, running after them. On some occasions, they bit many of them, and worse still, they had strangled a few. The village lived in fear.Dans un village, vivait une jeune fille avec son grand fr\u00e8re et leur m\u00e8re. Dans ce m\u00eame village, r\u00f4daient des chiens tr\u00e8s m\u00e9chants qui effrayaient les gens, enfants comme adultes. \u00c0 l&#8217;improviste, ils sortaient de leur repaire et attaquaient les habitants. Ils aboyaient si fort qu&#8217;ils faisaient peur. Parfois ils poursuivaient les personnes en courant derri\u00e8re elles. Il arrivait m\u00eame qu&#8217;ils en mordaient un grand nombre et, pis encore, ils en avaient \u00e9trangl\u00e9 certains. Le village vivait dans la peur.<\/p>\n<p>Seeing this misery, the young girl, who loved all the villagers, made a suggestion to her older brother and their mother: &#8220;If we opened the basement windows of the house, the dogs could be confined in the cellar, and they would no longer endanger the lives of the villagers.&#8221; The young girl loved the people so much that she wanted to help them at all costs and was willing to endure all the inconveniences that the presence of these imprisoned dogs in the cellar might bring her.<\/p>\n<p>And so it was. The older brother opened the basement windows, and the dogs took shelter in the cellar of their house. But the young girl made sure to keep the floor hatch tightly closed so that none of them could ever climb up to the upper level of the house. However, the dogs made their presence known and disturbed the young girl with their sinister barking, their foul odor, and their hateful fights, as they were incapable of living together peacefully.<\/p>\n<p>The young girl took care never to open the hatch or allow any cracks to form between the basement and the upper floor, where she lived with her older brother and their mother.<\/p>\n<p>Her deep desire was to remain with them, even though the dogs sometimes displayed even greater hatred toward her, longing to capture such a desirable prey, especially because she prevented them from harming the villagers. At times, instead of barking ferociously, some dogs made soft, cooing noises, like a dove, to try to soften the young girl and gain a chance to bite her. But in her profound freedom, she never yielded to their tricks, resolved to remain in communion with her brother and their mother.<\/p>\n<p>Certainly, the presence of the dogs in the house caused the young girl great suffering: sleepless nights, the deafening noise, and the unbearable stench. Yet she endured it all because she had first obtained the consent of her brother and mother for it to be so. Moreover, by acting in this way, out of the great love she had for the villagers, she helped save the lives of these poor people.<\/p>\n<p>Thus, the village was spared thanks to this young girl, whose name is Catherine, nicknamed<strong><em> Iakonikonriiosth<\/em><\/strong>a, meaning &#8220;She who beautifies the soul.&#8221;<\/p>\n<p><strong>Germain Grenon<br \/><\/strong><em>Priest, m.s.a.<\/em><\/p>\n\t\t\t\t\t\t\tMarie-Catherine de Saint-Augustin :<br \/>Iakonikonriiostha\n\t\t\t\t<p><b>Eloquent Testimonies<\/b><\/p>\n<p>The testimonies of the time lift the veil on &#8220;the girl among girls.&#8221; Writings attest to their veracity. The hospitality of the Augustinian nuns toward the Ursulines, following the fire at their monastery in K\u00e9bec on December 30, 1650, allowed Sister Marie-Catherine to closely interact with Marie de l&#8217;Incarnation. The latter, in her letters to her son Claude, describes her, as choosing to omit the extraordinary phenomena of her life and focusing instead on her virtues: <i>&#8220;She served the poor with admirable strength and vigor. She was the most charitable girl to the sick and was singularly loved by everyone for her gentleness, firmness, patience, and perseverance. My very dear son, virtues of this kind are more to be valued than miracles<\/i><i><sup>1<\/sup><\/i><i>.&#8221;<\/i><\/p>\n<p>Similarly, Bishop de Laval, in a letter to the Superior of Bayeux, expressed his admiration and esteem: <i>&#8220;There is great reason to bless God for His guidance over our Sister Catherine of Saint-Augustin; she was a soul He chose to communicate very great and particular graces. Her sanctity will be better known in heaven than on this earth, for surely it is extraordinary<\/i><i><sup>2<\/sup><\/i><i>.&#8221;<\/i><\/p>\n<p><b>A Life That Was Contagious<\/b><\/p>\n<p>After the death of Sister Catherine, her superior, Mother of Saint-Bonaventure of Jesus, expressed her astonishment upon learning of all the extraordinary favors God had granted the young nun. While this can be explained by her path of humility, it remains that Sister Catherine was so imbued with solid virtues that those around her believed that virtue was born with her. Indeed, her kindness of heart ensured that anyone in need of assistance found in her consolation, a safe refuge, and a patient ear. In her role as a hospital worker, she was often in the presence of people whose spiritual needs were as great as their physical ones. Many, after meeting Sister Catherine, testified to the salvific effects of their encounter with her and their conversion to God. Indeed, her charity, marked by gentleness, won hearts over to God even as she adapted herself to the moods of each person. If her community sisters saw in her an accomplished nun, a companionable sister graced by nature and faith, it remains that everyone was edified by her exemplary conduct.<\/p>\n<p><b>A Life Identified with Christ<\/b><\/p>\n<p>[1]This entirely supernatural inclination propelled her onto the path of self-offering and conformity to Christ&#8217;s sentiments: <i>&#8220;Let us obey as He obeyed, let us be humble of heart, let us suffer as He suffered, let us live as He lived (&#8230;), let His charity be the model for ours<\/i><i><sup>5<\/sup><\/i><i>.&#8221;<\/i> This progressive formation of Christ within her willingly plunged her into a Pauline spirit: <i>&#8220;It is no longer I who live, but Christ who lives in me&#8221;<\/i> (Gal 2:20). It was in this near-permanent state of communion with Christ that Sister Catherine lived. She never hesitated to proclaim that prayer was the source of all virtues and that, outside of her privileged moments of prayer before the Blessed Sacrament, short prayers kept her in a state of interiority and familiarity with the divine. Not only was she &#8220;the one who made the interior more beautiful and the heart warmer&#8221; for others, but she also allowed God to beautify her. In this way, this woman-disciple continually renewed herself in the proximity and contemplation of the Son, full of grace and truth, the pure reflection of the Father&#8217;s glory (cf. Jn 1:14), in the communion of the Spirit.<\/p>\n<p><b>A Marian Life<\/b><\/p>\n<p>From her earliest childhood, Catherine lived in the presence of the one she called: <i>&#8220;my holy Virgin&#8221;<\/i><i><sup>6<\/sup><\/i><i>.<\/i> She conversed with her familiarly, asking for advice: <i>How would you do this, holy Virgin, in such and such a situation? What would you say? What would your prayer be?<\/i> It is hardly surprising that at the age of 10, she made her first Marian consecration and a second one in 1648. Though marked by the Eudist spirit, her consecrations show how deeply Catherine wished to live in the manner of Mary and to commune profoundly with the life of the one who gave birth to the Redeemer. Likely inspired by the same source, she spread devotion to the Immaculate Heart of Mary to Canadian soil.<\/p>\n<p>During the arduous journey of 1648 aboard the ship <i>Le St-Joseph<\/i>, Sister Catherine attributed her recovery from the plague to the Virgin Mary. She carried with her a boxwood statuette given by her maternal grandmother, and it was to this <i>&#8220;good Mother&#8221;<\/i> that she turned, imploring her recovery if it were God&#8217;s will<sup>7<\/sup>. Sister Catherine&#8217;s Marian devotion regularly included the meditative prayer of the Rosary. Through this practice, she communed with Mary in the mysteries of the life of the Son and entrusted to the Mother and the Son her mission of evangelization.<\/p>\n<p><b>A Life of Mystical Offering<\/b><\/p>\n<p>The life of Marie-Catherine of Saint-Augustin was written by Father Paul Ragueneau, S.J.<sup>8<\/sup>, in 1671, just three years after her death. This first biographer portrayed Sister Catherine as a person <i>&#8220;sanctified by temptation and the obsession of the devil, then suffering for sinners and the souls in purgatory&#8221;<\/i><sup>9<\/sup>, without following a chronological order. This approach (a thesis-driven narrative) has created and still creates the impression that Sister Catherine&#8217;s life was merely a series of mystical experiences in a perpetual battle between God and the Devil.<\/p>\n<p>However, it was not until 1658 that <i>&#8220;Catherine received her first call to suffer for sinners, for the salvation and redemption of Canada. It was then that the cross of Jesus was presented to her. The following year, she offered herself as a victim for Canada, and this vocation to suffering became actualized. In 1660, Catherine began to suffer from the demons, becoming their jailer, host, and victim&#8221;<\/i><sup>10<\/sup>. At the heart of these mystical experiences, as a victim offered for the salvation of souls of an entire people, she plunged into the depths of a ministry of inner liberation. God showed her the wounds of sinful humanity and associated her closely with the redemptive mission of the Son. He granted her charisms enabling her to see the lamentable state of certain individuals, to intercede for their deliverance, to mystically imprison the evil spirits that plagued them, and to bear the painful cross of their presence.<\/p>\n<p>Possessed by God, supported by the Virgin Mary, the saints of heaven, and her <i>&#8220;spiritual directors&#8221;<\/i> both on earth<sup>11<\/sup> and in heaven<sup>12<\/sup>, Sister Catherine deeply embraced the sentiments of Christ Jesus, communing intensely with the mystery of the Cross. Her entire life, rooted in the determination to do only God&#8217;s will, was like a perpetual Eucharist, during which she continually offered herself as a pleasing sacrifice to the Father <i>&#8220;for the glory of God and the salvation of souls.&#8221;<\/i> Feeling at times inhabited by sentiments incongruent with her Lord&#8217;s life, she found refuge in the merciful heart of God, pouring out her doubts and intimate sorrows to her spiritual director. Having experienced the benefits of mercy, she wished the same encounter for even the most hardened hearts.<\/p>\n<p>Her long journey of humility, lived in great discretion, culminated in her mystical union with the Holy Spirit in 1664 and, subsequently, in her transformative union until her death in 1668. Sister Catherine was beatified by Pope John Paul II on April 23&#8230;<\/p>\n<p><b>Footnotes:<\/b><\/p>\n<p>1. Quebecen. Beatificationis et Canonizationis servae Dei.\u00a0<i>Mariae Catharinae a Sancto Augustino<\/i>\u00a0(in saec. Catharinae Symon de Longprey) Monialis professae sororum Hospitalarium a misericordia O. S. Augustini. (\u2020 1668). Positio super introductione causae et virtutibus ex officio concinnata. Romae\u00a0: Sacra Congregatio pro causis sanctorum officium historicum (67). 1978, p. 86; HUDON, L\u00e9onidas.\u00a0<i>Vie de Marie-Catherine de Saint-Augustin 1632-1668.<\/i>\u00a0Une fleur mystique de la Nouvelle-France. Montr\u00e9al\u00a0: Bureau du Messager canadien. 1907, p. 249.<\/p>\n<p>2. Positio, ibid., p. 136 ; Hudon, ibid., p. 248<\/p>\n<p>3. Tout particuli\u00e8rement le p\u00e8re Fran\u00e7ois Malherbe, j\u00e9suite et le p\u00e8re Jean-Eudes qui, d\u00e8s 1632, vint au pays pour la pr\u00e9dication. C&#8217;est de ce m\u00eame Jean-Eudes qu&#8217;elle aurait subi l&#8217;influence en \u00e9crivant sa premi\u00e8re cons\u00e9cration mariale en 1642; cons\u00e9cration que lui-m\u00eame avait faite le 25 mars 1624. (Positio LXXVII)<\/p>\n<p>4. Ragueneau, Paul.\u00a0<i>La vie de la M\u00e8re Catherine de Saint Augustin Religieuse hospitaliere de la misericorde de Qu\u00e9bec en la Nouvelle-France, compos\u00e9e par le reverend p\u00e8re Paul Ragueneau de la Compagnie de IESUS.<\/i>\u00a0Paris\u00a0: Florentin Lambert. Avec approbations &amp; Privilege du Roi. M. DC. LXXI. p. 68.<\/p>\n<p>5. Ibid. p. 55.<\/p>\n<p>6. Ibid., p. 24.<\/p>\n<p>7. Cette statue en buis de 9 pouces, r\u00e9put\u00e9e miraculeuse, est conserv\u00e9e et v\u00e9n\u00e9r\u00e9e au monast\u00e8re des Augustines de l&#8217;H\u00f4pital G\u00e9n\u00e9ral de Qu\u00e9bec sous le vocable de Notre-Dame de protection. Elle a \u00e9t\u00e9 donn\u00e9e lors de la fondation de ce monast\u00e8re en 1693, par les s\u0153urs Augustines du monast\u00e8re de l&#8217;H\u00f4tel-Dieu de Qu\u00e9bec.<\/p>\n<p>8. Ragueneau, op.cit.<\/p>\n<p>9. Hudon, L\u00e9onidas.\u00a0<i>Vie de Marie-Catherine de Saint-Augustin 1632-1668.<\/i>\u00a0Une fleur mystique de la Nouvelle-France. Montr\u00e9al\u00a0: Bureau du Messager canadien. 1907, p. XIX.<\/p>\n<p>10. Cf. Boucher, Ghyslaine.\u00a0<i>Dieu et Satan\u00a0<\/i>dans la vie de Catherine de Saint-Augustin 1632-1668. Hier-Aujourd&#8217;hui 21. Montr\u00e9al\u00a0: Bellarmin \/ Tournai\u00a0: Descl\u00e9e &amp; Cie. 1979, p. 17<\/p>\n<p>11. Pour la plupart des J\u00e9suites, Mgr de Laval fait \u00e9galement partie de ceux qui l&#8217;ont accompagn\u00e9e et de qui elle a re\u00e7u des confidences et des demandes de pri\u00e8re.<\/p>\n<p>12. Le P\u00e8re Jean de Br\u00e9beuf que s\u0153ur Catherine n&#8217;a pas connu sur la terre est devenu du haut du ciel, son protecteur et directeur (Ragueneau, op. cit., p. 113). Il l&#8217;a favoris\u00e9e de gr\u00e2ces particuli\u00e8res\u00a0: r\u00e9ception de la communion (Ibid. p. 92-93), explication de toute la c\u00e9r\u00e9monie de la D\u00e9dicace et de la cons\u00e9cration de l&#8217;\u00e9glise de Qu\u00e9bec (Basilique), le 18 juillet 1666, alors qu&#8217;elle n&#8217;\u00e9tait pas pr\u00e9sente \u00e0 la c\u00e9l\u00e9bration. (Ibid. p. 94)<\/p>\n<p>Le Centre de Catherine de Saint-Augustin est situ\u00e9 au\u00a0: 32 rue Charlevoix Qu\u00e9bec (Qu\u00e9bec), G1R 5C4.<\/p>\n\t\t\t\t<img loading=\"lazy\" decoding=\"async\" src=\"https:\/\/centrecatherine.ca\/wp-content\/uploads\/2024\/12\/statue-st-catherine.png\" alt=\"statue-st-catherine\" itemprop=\"image\" height=\"4369\" width=\"2042\" title=\"statue-st-catherine\" onerror=\"this.style.display='none'\"  \/>\n\t\n\n","protected":false},"excerpt":{"rendered":"<p>On the Footsteps of Iakonikonriistoha She who beautifies the soul and makes the hearth warmer Upon her arrival in K\u00e9bec, Canada, in 1648, Sister Marie-Catherine of Saint-Augustin deeply committed herself to the First Nations, learning their languages and discovering their cultures with respect and compassion. Her dedication to evangelization and her desire to aid the&hellip;<\/p>\n","protected":false},"author":1,"featured_media":0,"parent":97,"menu_order":0,"comment_status":"closed","ping_status":"closed","template":"","meta":{"footnotes":""},"class_list":["post-3492","page","type-page","status-publish","hentry"],"yoast_head":"<!-- This site is optimized with the Yoast SEO plugin v27.4 - https:\/\/yoast.com\/product\/yoast-seo-wordpress\/ -->\n<title>IAKONIKONRIIOSTHA - Centre Catherine-de-Saint-Augustin<\/title>\n<meta name=\"robots\" content=\"index, follow, max-snippet:-1, max-image-preview:large, max-video-preview:-1\" \/>\n<link rel=\"canonical\" href=\"https:\/\/centrecatherine.ca\/en\/pray\/iakonikonriiostha\/\" \/>\n<meta property=\"og:locale\" content=\"en_US\" \/>\n<meta property=\"og:type\" content=\"article\" \/>\n<meta property=\"og:title\" content=\"IAKONIKONRIIOSTHA - Centre Catherine-de-Saint-Augustin\" \/>\n<meta property=\"og:description\" content=\"On the Footsteps of Iakonikonriistoha She who beautifies the soul and makes the hearth warmer Upon her arrival in K\u00e9bec, Canada, in 1648, Sister Marie-Catherine of Saint-Augustin deeply committed herself to the First Nations, learning their languages and discovering their cultures with respect and compassion. Her dedication to evangelization and her desire to aid the&hellip;\" \/>\n<meta property=\"og:url\" content=\"https:\/\/centrecatherine.ca\/en\/pray\/iakonikonriiostha\/\" \/>\n<meta property=\"og:site_name\" content=\"Centre Catherine-de-Saint-Augustin\" \/>\n<meta property=\"article:modified_time\" content=\"2025-03-25T16:40:29+00:00\" \/>\n<meta property=\"og:image\" content=\"https:\/\/centrecatherine.ca\/wp-content\/uploads\/2024\/12\/statue-st-catherine.png\" \/>\n<meta name=\"twitter:card\" content=\"summary_large_image\" \/>\n<meta name=\"twitter:label1\" content=\"Est. reading time\" \/>\n\t<meta name=\"twitter:data1\" content=\"12 minutes\" \/>\n<script type=\"application\/ld+json\" class=\"yoast-schema-graph\">{\"@context\":\"https:\\\/\\\/schema.org\",\"@graph\":[{\"@type\":\"WebPage\",\"@id\":\"https:\\\/\\\/centrecatherine.ca\\\/en\\\/pray\\\/iakonikonriiostha\\\/\",\"url\":\"https:\\\/\\\/centrecatherine.ca\\\/en\\\/pray\\\/iakonikonriiostha\\\/\",\"name\":\"IAKONIKONRIIOSTHA - Centre Catherine-de-Saint-Augustin\",\"isPartOf\":{\"@id\":\"https:\\\/\\\/centrecatherine.ca\\\/en\\\/#website\"},\"primaryImageOfPage\":{\"@id\":\"https:\\\/\\\/centrecatherine.ca\\\/en\\\/pray\\\/iakonikonriiostha\\\/#primaryimage\"},\"image\":{\"@id\":\"https:\\\/\\\/centrecatherine.ca\\\/en\\\/pray\\\/iakonikonriiostha\\\/#primaryimage\"},\"thumbnailUrl\":\"https:\\\/\\\/centrecatherine.ca\\\/wp-content\\\/uploads\\\/2024\\\/12\\\/statue-st-catherine.png\",\"datePublished\":\"2024-12-02T21:09:56+00:00\",\"dateModified\":\"2025-03-25T16:40:29+00:00\",\"breadcrumb\":{\"@id\":\"https:\\\/\\\/centrecatherine.ca\\\/en\\\/pray\\\/iakonikonriiostha\\\/#breadcrumb\"},\"inLanguage\":\"en-US\",\"potentialAction\":[{\"@type\":\"ReadAction\",\"target\":[\"https:\\\/\\\/centrecatherine.ca\\\/en\\\/pray\\\/iakonikonriiostha\\\/\"]}]},{\"@type\":\"ImageObject\",\"inLanguage\":\"en-US\",\"@id\":\"https:\\\/\\\/centrecatherine.ca\\\/en\\\/pray\\\/iakonikonriiostha\\\/#primaryimage\",\"url\":\"https:\\\/\\\/centrecatherine.ca\\\/wp-content\\\/uploads\\\/2024\\\/12\\\/statue-st-catherine.png\",\"contentUrl\":\"https:\\\/\\\/centrecatherine.ca\\\/wp-content\\\/uploads\\\/2024\\\/12\\\/statue-st-catherine.png\"},{\"@type\":\"BreadcrumbList\",\"@id\":\"https:\\\/\\\/centrecatherine.ca\\\/en\\\/pray\\\/iakonikonriiostha\\\/#breadcrumb\",\"itemListElement\":[{\"@type\":\"ListItem\",\"position\":1,\"name\":\"Accueil\",\"item\":\"https:\\\/\\\/centrecatherine.ca\\\/en\\\/\"},{\"@type\":\"ListItem\",\"position\":2,\"name\":\"TO PRAY\",\"item\":\"https:\\\/\\\/centrecatherine.ca\\\/en\\\/prier\\\/\"},{\"@type\":\"ListItem\",\"position\":3,\"name\":\"IAKONIKONRIIOSTHA\"}]},{\"@type\":\"WebSite\",\"@id\":\"https:\\\/\\\/centrecatherine.ca\\\/en\\\/#website\",\"url\":\"https:\\\/\\\/centrecatherine.ca\\\/en\\\/\",\"name\":\"Centre Catherine-de-Saint-Augustin\",\"description\":\"Centre Catherine-de-Saint-Augustin\",\"publisher\":{\"@id\":\"https:\\\/\\\/centrecatherine.ca\\\/en\\\/#organization\"},\"alternateName\":\"Centre Catherine\",\"potentialAction\":[{\"@type\":\"SearchAction\",\"target\":{\"@type\":\"EntryPoint\",\"urlTemplate\":\"https:\\\/\\\/centrecatherine.ca\\\/en\\\/?s={search_term_string}\"},\"query-input\":{\"@type\":\"PropertyValueSpecification\",\"valueRequired\":true,\"valueName\":\"search_term_string\"}}],\"inLanguage\":\"en-US\"},{\"@type\":\"Organization\",\"@id\":\"https:\\\/\\\/centrecatherine.ca\\\/en\\\/#organization\",\"name\":\"Centre Catherine-de-Saint-Augustin\",\"alternateName\":\"Centre Catherine-de-Saint-Augustin\",\"url\":\"https:\\\/\\\/centrecatherine.ca\\\/en\\\/\",\"logo\":{\"@type\":\"ImageObject\",\"inLanguage\":\"en-US\",\"@id\":\"https:\\\/\\\/centrecatherine.ca\\\/en\\\/#\\\/schema\\\/logo\\\/image\\\/\",\"url\":\"https:\\\/\\\/centrecatherine.ca\\\/wp-content\\\/uploads\\\/2024\\\/09\\\/centre-catherine-de-saint-augustin.png\",\"contentUrl\":\"https:\\\/\\\/centrecatherine.ca\\\/wp-content\\\/uploads\\\/2024\\\/09\\\/centre-catherine-de-saint-augustin.png\",\"width\":300,\"height\":300,\"caption\":\"Centre Catherine-de-Saint-Augustin\"},\"image\":{\"@id\":\"https:\\\/\\\/centrecatherine.ca\\\/en\\\/#\\\/schema\\\/logo\\\/image\\\/\"}}]}<\/script>\n<!-- \/ Yoast SEO plugin. -->","yoast_head_json":{"title":"IAKONIKONRIIOSTHA - Centre Catherine-de-Saint-Augustin","robots":{"index":"index","follow":"follow","max-snippet":"max-snippet:-1","max-image-preview":"max-image-preview:large","max-video-preview":"max-video-preview:-1"},"canonical":"https:\/\/centrecatherine.ca\/en\/pray\/iakonikonriiostha\/","og_locale":"en_US","og_type":"article","og_title":"IAKONIKONRIIOSTHA - Centre Catherine-de-Saint-Augustin","og_description":"On the Footsteps of Iakonikonriistoha She who beautifies the soul and makes the hearth warmer Upon her arrival in K\u00e9bec, Canada, in 1648, Sister Marie-Catherine of Saint-Augustin deeply committed herself to the First Nations, learning their languages and discovering their cultures with respect and compassion. Her dedication to evangelization and her desire to aid the&hellip;","og_url":"https:\/\/centrecatherine.ca\/en\/pray\/iakonikonriiostha\/","og_site_name":"Centre Catherine-de-Saint-Augustin","article_modified_time":"2025-03-25T16:40:29+00:00","og_image":[{"url":"https:\/\/centrecatherine.ca\/wp-content\/uploads\/2024\/12\/statue-st-catherine.png","type":"","width":"","height":""}],"twitter_card":"summary_large_image","twitter_misc":{"Est. reading time":"12 minutes"},"schema":{"@context":"https:\/\/schema.org","@graph":[{"@type":"WebPage","@id":"https:\/\/centrecatherine.ca\/en\/pray\/iakonikonriiostha\/","url":"https:\/\/centrecatherine.ca\/en\/pray\/iakonikonriiostha\/","name":"IAKONIKONRIIOSTHA - Centre Catherine-de-Saint-Augustin","isPartOf":{"@id":"https:\/\/centrecatherine.ca\/en\/#website"},"primaryImageOfPage":{"@id":"https:\/\/centrecatherine.ca\/en\/pray\/iakonikonriiostha\/#primaryimage"},"image":{"@id":"https:\/\/centrecatherine.ca\/en\/pray\/iakonikonriiostha\/#primaryimage"},"thumbnailUrl":"https:\/\/centrecatherine.ca\/wp-content\/uploads\/2024\/12\/statue-st-catherine.png","datePublished":"2024-12-02T21:09:56+00:00","dateModified":"2025-03-25T16:40:29+00:00","breadcrumb":{"@id":"https:\/\/centrecatherine.ca\/en\/pray\/iakonikonriiostha\/#breadcrumb"},"inLanguage":"en-US","potentialAction":[{"@type":"ReadAction","target":["https:\/\/centrecatherine.ca\/en\/pray\/iakonikonriiostha\/"]}]},{"@type":"ImageObject","inLanguage":"en-US","@id":"https:\/\/centrecatherine.ca\/en\/pray\/iakonikonriiostha\/#primaryimage","url":"https:\/\/centrecatherine.ca\/wp-content\/uploads\/2024\/12\/statue-st-catherine.png","contentUrl":"https:\/\/centrecatherine.ca\/wp-content\/uploads\/2024\/12\/statue-st-catherine.png"},{"@type":"BreadcrumbList","@id":"https:\/\/centrecatherine.ca\/en\/pray\/iakonikonriiostha\/#breadcrumb","itemListElement":[{"@type":"ListItem","position":1,"name":"Accueil","item":"https:\/\/centrecatherine.ca\/en\/"},{"@type":"ListItem","position":2,"name":"TO PRAY","item":"https:\/\/centrecatherine.ca\/en\/prier\/"},{"@type":"ListItem","position":3,"name":"IAKONIKONRIIOSTHA"}]},{"@type":"WebSite","@id":"https:\/\/centrecatherine.ca\/en\/#website","url":"https:\/\/centrecatherine.ca\/en\/","name":"Centre Catherine-de-Saint-Augustin","description":"Centre Catherine-de-Saint-Augustin","publisher":{"@id":"https:\/\/centrecatherine.ca\/en\/#organization"},"alternateName":"Centre Catherine","potentialAction":[{"@type":"SearchAction","target":{"@type":"EntryPoint","urlTemplate":"https:\/\/centrecatherine.ca\/en\/?s={search_term_string}"},"query-input":{"@type":"PropertyValueSpecification","valueRequired":true,"valueName":"search_term_string"}}],"inLanguage":"en-US"},{"@type":"Organization","@id":"https:\/\/centrecatherine.ca\/en\/#organization","name":"Centre Catherine-de-Saint-Augustin","alternateName":"Centre Catherine-de-Saint-Augustin","url":"https:\/\/centrecatherine.ca\/en\/","logo":{"@type":"ImageObject","inLanguage":"en-US","@id":"https:\/\/centrecatherine.ca\/en\/#\/schema\/logo\/image\/","url":"https:\/\/centrecatherine.ca\/wp-content\/uploads\/2024\/09\/centre-catherine-de-saint-augustin.png","contentUrl":"https:\/\/centrecatherine.ca\/wp-content\/uploads\/2024\/09\/centre-catherine-de-saint-augustin.png","width":300,"height":300,"caption":"Centre Catherine-de-Saint-Augustin"},"image":{"@id":"https:\/\/centrecatherine.ca\/en\/#\/schema\/logo\/image\/"}}]}},"_links":{"self":[{"href":"https:\/\/centrecatherine.ca\/en\/wp-json\/wp\/v2\/pages\/3492","targetHints":{"allow":["GET"]}}],"collection":[{"href":"https:\/\/centrecatherine.ca\/en\/wp-json\/wp\/v2\/pages"}],"about":[{"href":"https:\/\/centrecatherine.ca\/en\/wp-json\/wp\/v2\/types\/page"}],"author":[{"embeddable":true,"href":"https:\/\/centrecatherine.ca\/en\/wp-json\/wp\/v2\/users\/1"}],"replies":[{"embeddable":true,"href":"https:\/\/centrecatherine.ca\/en\/wp-json\/wp\/v2\/comments?post=3492"}],"version-history":[{"count":3,"href":"https:\/\/centrecatherine.ca\/en\/wp-json\/wp\/v2\/pages\/3492\/revisions"}],"predecessor-version":[{"id":3497,"href":"https:\/\/centrecatherine.ca\/en\/wp-json\/wp\/v2\/pages\/3492\/revisions\/3497"}],"up":[{"embeddable":true,"href":"https:\/\/centrecatherine.ca\/en\/wp-json\/wp\/v2\/pages\/97"}],"wp:attachment":[{"href":"https:\/\/centrecatherine.ca\/en\/wp-json\/wp\/v2\/media?parent=3492"}],"curies":[{"name":"wp","href":"https:\/\/api.w.org\/{rel}","templated":true}]}}